{"id":6475,"date":"2018-10-29T17:24:28","date_gmt":"2018-10-29T17:24:28","guid":{"rendered":"https:\/\/www.clientesmcbs.com\/energetus\/international\/"},"modified":"2020-07-24T17:35:39","modified_gmt":"2020-07-24T17:35:39","slug":"internacional","status":"publish","type":"page","link":"https:\/\/www.energetus.pt\/pt\/internacional\/","title":{"rendered":"Internacional"},"content":{"rendered":"<div id='full_slider_1'  class='avia-fullwidth-slider main_color avia-shadow  av-desktop-hide av-medium-hide  avia-builder-el-0  el_before_av_section  avia-builder-el-first   container_wrap fullsize'  ><div   data-size='no scaling'  data-lightbox_size='large'  data-animation='slide'  data-conditional_play=''  data-ids='6162'  data-video_counter='0'  data-autoplay='false'  data-bg_slider='false'  data-slide_height=''  data-handle='av_slideshow_full'  data-interval='5'  data-class=' image_no_stretch'  data-el_id=''  data-css_id=''  data-scroll_down=''  data-control_layout='av-control-default'  data-custom_markup=''  data-perma_caption=''  data-autoplay_stopper=''  data-image_attachment=''  data-min_height='200px'  data-lazy_loading='disabled'  data-src=''  data-position='top left'  data-repeat='no-repeat'  data-attach='scroll'  data-stretch='image_no_stretch'  class='avia-slideshow avia-slideshow-1  av-control-default avia-slideshow-no scaling av_slideshow_full  image_no_stretch avia-slide-slider '  itemprop=\"image\" itemscope=\"itemscope\" itemtype=\"https:\/\/schema.org\/ImageObject\" ><ul class='avia-slideshow-inner '  ><\/ul><\/div><\/div>\n\n<style type=\"text\/css\" data-created_by=\"avia_inline_auto\" id=\"style-css-av-jnuuv27i-5ab1edf88c5e3aa08fcd703f0e4b75e7\">\n.avia-section.av-jnuuv27i-5ab1edf88c5e3aa08fcd703f0e4b75e7 .av-section-color-overlay{\nopacity:0.1;\nbackground-color:#000000;\n}\n<\/style>\n<div id='av_section_1'  class='avia-section av-jnuuv27i-5ab1edf88c5e3aa08fcd703f0e4b75e7 main_color avia-section-default avia-no-border-styling  avia-builder-el-1  el_after_av_slideshow_full  el_before_av_section  avia-bg-style-scroll av-section-color-overlay-active  av-small-hide av-mini-hide av-minimum-height av-minimum-height-custom  av-section-with-video-bg container_wrap fullsize'   data-section-video-ratio='16:9'><div   data-size='featured'  data-lightbox_size='large'  data-animation='slide'  data-conditional_play=''  data-ids=''  data-video_counter='1'  data-autoplay='false'  data-bg_slider='false'  data-slide_height=''  data-handle=''  data-interval='5'  data-class=' av-section-video-bg'  data-el_id=''  data-css_id=''  data-scroll_down=''  data-control_layout=''  data-custom_markup=''  data-perma_caption=''  data-autoplay_stopper=''  data-image_attachment=''  data-min_height='0px'  data-lazy_loading='disabled'  data-default-height='28.666666666667'  class='avia-slideshow avia-slideshow-2  av-default-height-applied avia-slideshow-featured   av-section-video-bg avia-slide-slider '  itemprop=\"image\" itemscope=\"itemscope\" itemtype=\"https:\/\/schema.org\/ImageObject\" ><ul class='avia-slideshow-inner ' style='padding-bottom: 28.666666666667%;' ><li  data-controls='disabled' data-mute='aviaTBaviaTBvideo_mute' data-loop='1' data-disable-autoplay=''  data-video-ratio='3.4883720930233' class=' av-video-slide  av-video-service-youtube  av-hide-video-controls av-mute-video av-loop-video av-single-slide slide-1 ' ><div data-rel='slideshow-2' class='avia-slide-wrap '   ><div class='av-click-overlay'><\/div><div class='mejs-mediaelement'><div height='1600' width='900' class='av_youtube_frame' id='player_6475_751044553_1297544474'  data-autoplay='0'  data-videoid='QBEyZkwb8Ps'  data-hd='1'  data-rel='0'  data-wmode='opaque'  data-loop='0'  data-version='3'  data-autohide='1'  data-color='white'  data-controls='0'  data-iv_load_policy='3'  data-original_url='https:\/\/youtu.be\/QBEyZkwb8Ps' ><\/div><\/div><div class='av-click-to-play-overlay'><div class=\"avia_playpause_icon\"><\/div><\/div><\/div><\/li><\/ul><\/div><div class='av-section-color-overlay-wrap'><div class=\"av-section-color-overlay\"><\/div><div class='container av-section-cont-open' style='height:350px'><div class='template-page content  av-content-full alpha units'><div class='post-entry post-entry-type-page post-entry-6475'><div class='entry-content-wrapper clearfix'>\n<\/div><\/div><\/div><!-- close content main div --><\/div><\/div><\/div>\n<style type=\"text\/css\" data-created_by=\"avia_inline_auto\" id=\"style-css-av-jnu84cp6-66add03fe53fd32cc81d9ab788d0d827\">\n.avia-section.av-jnu84cp6-66add03fe53fd32cc81d9ab788d0d827{\nbackground-repeat:repeat-x;\nbackground-image:url(https:\/\/www.energetus.pt\/wp-content\/uploads\/barra_laranja.png);\nbackground-position:0% 0%;\nbackground-attachment:scroll;\n}\n<\/style>\n<div id='av_section_2'  class='avia-section av-jnu84cp6-66add03fe53fd32cc81d9ab788d0d827 main_color avia-section-large avia-no-border-styling  avia-builder-el-2  el_after_av_section  avia-builder-el-last  avia-bg-style-scroll  container_wrap fullsize'  data-section-bg-repeat='repeat-x'><div class='container av-section-cont-open' ><div class='template-page content  av-content-full alpha units'><div class='post-entry post-entry-type-page post-entry-6475'><div class='entry-content-wrapper clearfix'>\n\n<style type=\"text\/css\" data-created_by=\"avia_inline_auto\" id=\"style-css-av-av_heading-05aa6cac135d423e57b6a63c3e02d53c\">\n#top .av-special-heading.av-av_heading-05aa6cac135d423e57b6a63c3e02d53c{\npadding-bottom:10px;\n}\n<\/style>\n<div  class='av-special-heading av-av_heading-05aa6cac135d423e57b6a63c3e02d53c av-special-heading-h1 blockquote modern-quote  avia-builder-el-3  el_before_av_one_half  avia-builder-el-first  '><h1 class='av-special-heading-tag '  itemprop=\"headline\"  >ENERGETUS \/ Internacional<\/h1><div class='special-heading-border'><div class='special-heading-inner-border'><\/div><\/div><\/div>\n\n<style type=\"text\/css\" data-created_by=\"avia_inline_auto\" id=\"style-css-av-44dr7r-e91a621cb4436f835fd1f0c9870a54ce\">\n.flex_column.av-44dr7r-e91a621cb4436f835fd1f0c9870a54ce{\nborder-radius:0px 0px 0px 0px;\n-webkit-border-radius:0px 0px 0px 0px;\n-moz-border-radius:0px 0px 0px 0px;\n}\n<\/style>\n<div class='flex_column av-44dr7r-e91a621cb4436f835fd1f0c9870a54ce av_one_half  avia-builder-el-4  el_after_av_heading  el_before_av_one_half  first flex_column_div av-zero-column-padding '   ><section class=\"av_textblock_section \"  itemscope=\"itemscope\" itemtype=\"https:\/\/schema.org\/CreativeWork\" ><div class='avia_textblock  '  style='font-size:18px; '  itemprop=\"text\" ><p>A Energetus expandiu a sua actividade para Om\u00e3 e iniciou opera\u00e7\u00f5es em Agosto 2017. O nosso escrit\u00f3rio local situado na zona estrat\u00e9gica da regi\u00e3o GCC (Pa\u00edses do Golfo \u00c1rabe), oferece produtos, engenharia e gest\u00e3o de projecto europeus, em parceria com o know-how local a um pre\u00e7o competitivo.<\/p>\n<p>Os nossos servi\u00e7os oferecidos em Om\u00e3 cobrem o mesmo \u00e2mbito que em Portugal, ou seja, instala\u00e7\u00e3o, constru\u00e7\u00e3o, opera\u00e7\u00e3o e manuten\u00e7\u00e3o de centrais de produ\u00e7\u00e3o de energia el\u00e9ctrica.<\/p>\n<p>Apesar de ser uma empresa nova num mercado competitivo, a Energetus j\u00e1 forneceu centrais de energia chave-na-m\u00e3o, em Om\u00e3, a clientes prestigiados, no seu primeiro ano de exist\u00eancia, sendo j\u00e1 fornecedora da Casa Real.<\/p>\n<p>Em conjunto com a equipa portuguesa, a Energetus em Om\u00e3 conseguiu desenhar, simular, preparar e enviar mais de 20 propostas de centrais de energia de tamanho m\u00e9dio no primeiro ano, demonstrando o seu empenho em demonstrar a vontade de assegurar todas as necessidades do cliente, em todas as fases do projeto.<\/p>\n<\/div><\/section><\/div>\n<style type=\"text\/css\" data-created_by=\"avia_inline_auto\" id=\"style-css-av-36jown-7b190c3437008da8ef0cc05d7cc57456\">\n.flex_column.av-36jown-7b190c3437008da8ef0cc05d7cc57456{\nborder-radius:0px 0px 0px 0px;\n-webkit-border-radius:0px 0px 0px 0px;\n-moz-border-radius:0px 0px 0px 0px;\n}\n<\/style>\n<div class='flex_column av-36jown-7b190c3437008da8ef0cc05d7cc57456 av_one_half  avia-builder-el-6  el_after_av_one_half  avia-builder-el-last  flex_column_div av-zero-column-padding '   ><style type=\"text\/css\" data-created_by=\"avia_inline_auto\" id=\"style-css-av-jvozcxfm-2f4e85c6cf4029c344a6da6f6f2bf7c2\">\n.avia-image-container.av-jvozcxfm-2f4e85c6cf4029c344a6da6f6f2bf7c2 .av-image-caption-overlay-center{\ncolor:#ffffff;\n}\n<\/style>\n<div  class='avia-image-container av-jvozcxfm-2f4e85c6cf4029c344a6da6f6f2bf7c2 av-styling- avia_animated_image avia_animate_when_almost_visible fade-in avia-align-center  avia-builder-el-7  avia-builder-el-no-sibling  '  itemprop=\"image\" itemscope=\"itemscope\" itemtype=\"https:\/\/schema.org\/ImageObject\" ><div class=\"avia-image-container-inner\"><div class=\"avia-image-overlay-wrap\"><img decoding=\"async\" class='wp-image-6960 avia-img-lazy-loading-not-6960 avia_image' src=\"https:\/\/www.energetus.pt\/wp-content\/uploads\/INTERNATIONAL_video_fallback-845x678.jpg\" alt='INTERNATIONAL' title='INTERNATIONAL'  height=\"678\" width=\"845\"  itemprop=\"thumbnailUrl\"  \/><\/div><\/div><\/div><\/div>\n","protected":false},"excerpt":{"rendered":"","protected":false},"author":1,"featured_media":0,"parent":0,"menu_order":3,"comment_status":"closed","ping_status":"closed","template":"","meta":{"footnotes":"","_links_to":"","_links_to_target":""},"class_list":["post-6475","page","type-page","status-publish","hentry"],"_links":{"self":[{"href":"https:\/\/www.energetus.pt\/pt\/wp-json\/wp\/v2\/pages\/6475","targetHints":{"allow":["GET"]}}],"collection":[{"href":"https:\/\/www.energetus.pt\/pt\/wp-json\/wp\/v2\/pages"}],"about":[{"href":"https:\/\/www.energetus.pt\/pt\/wp-json\/wp\/v2\/types\/page"}],"author":[{"embeddable":true,"href":"https:\/\/www.energetus.pt\/pt\/wp-json\/wp\/v2\/users\/1"}],"replies":[{"embeddable":true,"href":"https:\/\/www.energetus.pt\/pt\/wp-json\/wp\/v2\/comments?post=6475"}],"version-history":[{"count":5,"href":"https:\/\/www.energetus.pt\/pt\/wp-json\/wp\/v2\/pages\/6475\/revisions"}],"predecessor-version":[{"id":7073,"href":"https:\/\/www.energetus.pt\/pt\/wp-json\/wp\/v2\/pages\/6475\/revisions\/7073"}],"wp:attachment":[{"href":"https:\/\/www.energetus.pt\/pt\/wp-json\/wp\/v2\/media?parent=6475"}],"curies":[{"name":"wp","href":"https:\/\/api.w.org\/{rel}","templated":true}]}}