{"id":6548,"date":"2018-10-29T17:55:05","date_gmt":"2018-10-29T17:55:05","guid":{"rendered":"https:\/\/www.clientesmcbs.com\/energetus\/enercontainer\/"},"modified":"2020-07-24T17:31:45","modified_gmt":"2020-07-24T17:31:45","slug":"enercontainer","status":"publish","type":"page","link":"https:\/\/www.energetus.pt\/pt\/products\/enercontainer\/","title":{"rendered":"Enercontainer"},"content":{"rendered":"<div id='full_slider_1'  class='avia-fullwidth-slider main_color avia-shadow  av-desktop-hide av-medium-hide  avia-builder-el-0  el_before_av_section  avia-builder-el-first   container_wrap fullsize'  ><div   data-size='no scaling'  data-lightbox_size='large'  data-animation='slide'  data-conditional_play=''  data-ids='4994'  data-video_counter='0'  data-autoplay='false'  data-bg_slider='false'  data-slide_height=''  data-handle='av_slideshow_full'  data-interval='5'  data-class=' image_no_stretch'  data-el_id=''  data-css_id=''  data-scroll_down=''  data-control_layout='av-control-default'  data-custom_markup=''  data-perma_caption=''  data-autoplay_stopper=''  data-image_attachment=''  data-min_height='150px'  data-lazy_loading='disabled'  data-src=''  data-position='top left'  data-repeat='no-repeat'  data-attach='scroll'  data-stretch='image_no_stretch'  class='avia-slideshow avia-slideshow-1  av-control-default av-default-height-applied avia-slideshow-no scaling av_slideshow_full  image_no_stretch avia-slide-slider '  itemprop=\"image\" itemscope=\"itemscope\" itemtype=\"https:\/\/schema.org\/ImageObject\" ><ul class='avia-slideshow-inner ' style='padding-bottom: 66.820512820513%;' ><li  class=' av-single-slide slide-1 ' ><div data-rel='slideshow-1' class='avia-slide-wrap '   ><img decoding=\"async\" class=\"wp-image-6554 avia-img-lazy-loading-not-6554\"  src=\"https:\/\/www.energetus.pt\/wp-content\/uploads\/energetus_slider_3.jpg\" width=\"1950\" height=\"1303\" title='energetus_slider_3' alt=''  itemprop=\"thumbnailUrl\"  style='min-height:150px; min-width:225px; ' srcset=\"https:\/\/www.energetus.pt\/wp-content\/uploads\/energetus_slider_3.jpg 1950w, https:\/\/www.energetus.pt\/wp-content\/uploads\/energetus_slider_3-300x200.jpg 300w, https:\/\/www.energetus.pt\/wp-content\/uploads\/energetus_slider_3-768x513.jpg 768w, https:\/\/www.energetus.pt\/wp-content\/uploads\/energetus_slider_3-1024x684.jpg 1024w, https:\/\/www.energetus.pt\/wp-content\/uploads\/energetus_slider_3-1500x1002.jpg 1500w, https:\/\/www.energetus.pt\/wp-content\/uploads\/energetus_slider_3-705x471.jpg 705w, https:\/\/www.energetus.pt\/wp-content\/uploads\/energetus_slider_3-450x301.jpg 450w\" sizes=\"(max-width: 1950px) 100vw, 1950px\" \/><\/div><\/li><\/ul><\/div><\/div>\n\n<style type=\"text\/css\" data-created_by=\"avia_inline_auto\" id=\"style-css-av-jnulvkg8-ab13dfec3d79c694b09c319477268d98\">\n.avia-section.av-jnulvkg8-ab13dfec3d79c694b09c319477268d98{\nbackground-repeat:no-repeat;\nbackground-image:url(https:\/\/www.energetus.pt\/wp-content\/uploads\/energetus_header_2-1.jpg);\nbackground-position:0% 0%;\nbackground-attachment:scroll;\n}\n<\/style>\n<div id='desktop'  class='avia-section av-jnulvkg8-ab13dfec3d79c694b09c319477268d98 main_color avia-section-default avia-no-border-styling  avia-builder-el-1  el_after_av_slideshow_full  el_before_av_section  avia-full-stretch avia-bg-style-scroll  av-small-hide av-mini-hide av-minimum-height av-minimum-height-custom  container_wrap fullsize'  data-section-bg-repeat='stretch'><div class='container av-section-cont-open' style='height:350px'><div class='template-page content  av-content-full alpha units'><div class='post-entry post-entry-type-page post-entry-6548'><div class='entry-content-wrapper clearfix'>\n<\/div><\/div><\/div><!-- close content main div --><\/div><\/div>\n<style type=\"text\/css\" data-created_by=\"avia_inline_auto\" id=\"style-css-av-b1ygat-11b53a4dc6a45a7f2e4bf5394dc588f5\">\n.avia-section.av-b1ygat-11b53a4dc6a45a7f2e4bf5394dc588f5{\nbackground-repeat:repeat-x;\nbackground-image:url(https:\/\/www.energetus.pt\/wp-content\/uploads\/barra_laranja.png);\nbackground-position:0% 0%;\nbackground-attachment:scroll;\n}\n<\/style>\n<div id='desktop'  class='avia-section av-b1ygat-11b53a4dc6a45a7f2e4bf5394dc588f5 main_color avia-section-large avia-no-border-styling  avia-builder-el-2  el_after_av_section  el_before_av_section  avia-bg-style-scroll  av-small-hide av-mini-hide container_wrap fullsize'  data-section-bg-repeat='repeat-x'><div class='container av-section-cont-open' ><div class='template-page content  av-content-full alpha units'><div class='post-entry post-entry-type-page post-entry-6548'><div class='entry-content-wrapper clearfix'>\n\n<style type=\"text\/css\" data-created_by=\"avia_inline_auto\" id=\"style-css-av-jt7bo15t-b72987c5868f6cf68aa3ff6ccc1ed848\">\n#top .hr.hr-invisible.av-jt7bo15t-b72987c5868f6cf68aa3ff6ccc1ed848{\nmargin-top:-30px;\nheight:1px;\n}\n<\/style>\n<div  class='hr av-jt7bo15t-b72987c5868f6cf68aa3ff6ccc1ed848 hr-invisible  avia-builder-el-3  el_before_av_two_fifth  avia-builder-el-first   av-desktop-hide av-medium-hide'><span class='hr-inner '><span class=\"hr-inner-style\"><\/span><\/span><\/div>\n<div class='flex_column_table av-9kexv9-69bb163336c83f7c6c48af2f49df11b2 sc-av_two_fifth av-equal-height-column-flextable'>\n<style type=\"text\/css\" data-created_by=\"avia_inline_auto\" id=\"style-css-av-9kexv9-69bb163336c83f7c6c48af2f49df11b2\">\n.flex_column.av-9kexv9-69bb163336c83f7c6c48af2f49df11b2{\nborder-radius:0px 0px 0px 0px;\n-webkit-border-radius:0px 0px 0px 0px;\n-moz-border-radius:0px 0px 0px 0px;\n}\n<\/style>\n<div class='flex_column av-9kexv9-69bb163336c83f7c6c48af2f49df11b2 av_two_fifth  avia-builder-el-4  el_after_av_hr  el_before_av_three_fifth  first flex_column_table_cell av-equal-height-column av-align-middle av-zero-column-padding '   ><p>\n<style type=\"text\/css\" data-created_by=\"avia_inline_auto\" id=\"style-css-av-av_heading-edacc8cac65accdab788f1c552f56b97\">\n#top .av-special-heading.av-av_heading-edacc8cac65accdab788f1c552f56b97{\npadding-bottom:10px;\n}\n<\/style>\n<div  class='av-special-heading av-av_heading-edacc8cac65accdab788f1c552f56b97 av-special-heading-h1 blockquote modern-quote  avia-builder-el-5  el_before_av_textblock  avia-builder-el-first  '><h1 class='av-special-heading-tag '  itemprop=\"headline\"  >Enercontainer<\/h1><div class='special-heading-border'><div class='special-heading-inner-border'><\/div><\/div><\/div><br \/>\n<section class=\"av_textblock_section \"  itemscope=\"itemscope\" itemtype=\"https:\/\/schema.org\/CreativeWork\" ><div class='avia_textblock  '   itemprop=\"text\" ><p>O Enercontainer \u00e9 uma central integrada de produ\u00e7\u00e3o de energia el\u00e9ctrica e t\u00e9rmica, podendo utilizar como combust\u00edvel g\u00e1s natural, biog\u00e1s ou diesel, com pot\u00eancias el\u00e9ctricas de 1 a 2,5 MW (at\u00e9 3 MW a Diesel).<\/p>\n<p>Enquanto solu\u00e7\u00e3o contentorizada, totalmente constru\u00edda e testada nas nossas instala\u00e7\u00f5es, requer tempos de instala\u00e7\u00e3o e \u00e1rea de implanta\u00e7\u00e3o menores que outros tipos de centrais el\u00e9ctricas.<\/p>\n<ul>\n<li>reduz significativamente os trabalhos locais<\/li>\n<li>tempos de instala\u00e7\u00e3o e transporte reduzidos<\/li>\n<li>Esta solu\u00e7\u00e3o requer apenas a disponibilidade de g\u00e1s natural, biog\u00e1s ou diesel.<\/li>\n<\/ul>\n<\/div><\/section><\/p><\/div><div class='av-flex-placeholder'><\/div>\n<style type=\"text\/css\" data-created_by=\"avia_inline_auto\" id=\"style-css-av-7q13x1-817cde29cecead944b49439ae33e5737\">\n.flex_column.av-7q13x1-817cde29cecead944b49439ae33e5737{\nborder-radius:0px 0px 0px 0px;\n-webkit-border-radius:0px 0px 0px 0px;\n-moz-border-radius:0px 0px 0px 0px;\n}\n<\/style>\n<div class='flex_column av-7q13x1-817cde29cecead944b49439ae33e5737 av_three_fifth  avia-builder-el-7  el_after_av_two_fifth  el_before_av_one_full  flex_column_table_cell av-equal-height-column av-align-middle av-zero-column-padding '   ><div  class='avia-video avia-video-16-9   av-lazyload-immediate  av-lazyload-video-embed  ' style='background-image:url(\"https:\/\/www.energetus.pt\/wp-content\/uploads\/P_Cont_2.jpg\");'  itemprop=\"video\" itemtype=\"https:\/\/schema.org\/VideoObject\"  data-original_url='https:\/\/youtu.be\/OB5vOP_ww7k' ><script type='text\/html' class='av-video-tmpl'><div class='avia-iframe-wrap'><iframe loading=\"lazy\" width=\"1500\" height=\"844\" src=\"https:\/\/www.youtube.com\/embed\/OB5vOP_ww7k?feature=oembed&autoplay=0&loop=0&controls=1&mute=0\" frameborder=\"0\" allow=\"accelerometer; autoplay; encrypted-media; gyroscope; picture-in-picture\" allowfullscreen><\/iframe><\/div><\/script><div class='av-click-to-play-overlay'><div class=\"avia_playpause_icon\"><\/div><\/div><\/div><\/div><\/div><!--close column table wrapper. Autoclose: 1 --><div class='flex_column_table av-9kexv9-69bb163336c83f7c6c48af2f49df11b2 sc-av_one_full av-equal-height-column-flextable'>\n<style type=\"text\/css\" data-created_by=\"avia_inline_auto\" id=\"style-css-av-9kexv9-69bb163336c83f7c6c48af2f49df11b2\">\n.flex_column.av-9kexv9-69bb163336c83f7c6c48af2f49df11b2{\nborder-radius:0px 0px 0px 0px;\n-webkit-border-radius:0px 0px 0px 0px;\n-moz-border-radius:0px 0px 0px 0px;\n}\n<\/style>\n<div class='flex_column av-9kexv9-69bb163336c83f7c6c48af2f49df11b2 av_one_full  avia-builder-el-9  el_after_av_three_fifth  avia-builder-el-last  first flex_column_table_cell av-equal-height-column av-align-middle av-zero-column-padding '   ><p><section class=\"av_textblock_section \"  itemscope=\"itemscope\" itemtype=\"https:\/\/schema.org\/CreativeWork\" ><div class='avia_textblock  '   itemprop=\"text\" ><p>Consubstanciando uma central completa, o Enercontainer tem a vantagem de ser expans\u00edvel a v\u00e1rias unidades adicionais. O Enercontainer n\u00e3o \u00e9 um Grupo de Emerg\u00eancia, mas sim uma central de produ\u00e7\u00e3o de energia num contentor.<\/p>\n<p>O grupo gerador integrado \u00e9 um motor MTU s\u00e9rie 4000, um dos motores mais eficiente e fi\u00e1vel dispon\u00edveis no mercado.<\/p>\n<\/div><\/section><br \/>\n\n<style type=\"text\/css\" data-created_by=\"avia_inline_auto\" id=\"style-css-av-jnvmwxnr-0ce94282331cc9f8e75e4ff10467ac00\">\n.avia-image-container.av-jnvmwxnr-0ce94282331cc9f8e75e4ff10467ac00 .av-image-caption-overlay-center{\ncolor:#ffffff;\n}\n<\/style>\n<div  class='avia-image-container av-jnvmwxnr-0ce94282331cc9f8e75e4ff10467ac00 av-styling- avia-align-left  avia-builder-el-11  el_after_av_textblock  avia-builder-el-last  '  itemprop=\"image\" itemscope=\"itemscope\" itemtype=\"https:\/\/schema.org\/ImageObject\" ><div class=\"avia-image-container-inner\"><div class=\"avia-image-overlay-wrap\"><a href=\"https:\/\/www.mtuonsiteenergy.com\/\" class='avia_image' target=\"_blank\" rel=\"noopener noreferrer\"><img decoding=\"async\" width=\"250\" height=\"68\" class='wp-image-6559 avia-img-lazy-loading-not-6559 avia_image' src=\"https:\/\/www.energetus.pt\/wp-content\/uploads\/logo_pag_ENERCONTAINER.jpg\" alt='' title='MTU - Onsite Energy'  itemprop=\"thumbnailUrl\"  \/><\/a><\/div><\/div><\/div><\/p><\/div><\/div><!--close column table wrapper. Autoclose: 1 --><\/div><\/div><\/div><!-- close content main div --><\/div><\/div>\n<style type=\"text\/css\" data-created_by=\"avia_inline_auto\" id=\"style-css-av-b1ygat-7f075d3257c3d3854b728043dd94513b\">\n.avia-section.av-b1ygat-7f075d3257c3d3854b728043dd94513b{\nbackground-repeat:repeat-x;\nbackground-image:url(https:\/\/www.energetus.pt\/wp-content\/uploads\/barra_laranja.png);\nbackground-position:0% 0%;\nbackground-attachment:scroll;\n}\n<\/style>\n<div id='mobile'  class='avia-section av-b1ygat-7f075d3257c3d3854b728043dd94513b main_color avia-section-large avia-no-border-styling  avia-builder-el-12  el_after_av_section  avia-builder-el-last  avia-bg-style-scroll  av-desktop-hide av-medium-hide container_wrap fullsize'  data-section-bg-repeat='repeat-x'><div class='container av-section-cont-open' ><div class='template-page content  av-content-full alpha units'><div class='post-entry post-entry-type-page post-entry-6548'><div class='entry-content-wrapper clearfix'>\n\n<style type=\"text\/css\" data-created_by=\"avia_inline_auto\" id=\"style-css-av-jt7bo15t-b72987c5868f6cf68aa3ff6ccc1ed848\">\n#top .hr.hr-invisible.av-jt7bo15t-b72987c5868f6cf68aa3ff6ccc1ed848{\nmargin-top:-30px;\nheight:1px;\n}\n<\/style>\n<div  class='hr av-jt7bo15t-b72987c5868f6cf68aa3ff6ccc1ed848 hr-invisible  avia-builder-el-13  el_before_av_one_half  avia-builder-el-first   av-desktop-hide av-medium-hide'><span class='hr-inner '><span class=\"hr-inner-style\"><\/span><\/span><\/div>\n<div class='flex_column_table av-9kexv9-69bb163336c83f7c6c48af2f49df11b2 sc-av_one_half av-equal-height-column-flextable'>\n<style type=\"text\/css\" data-created_by=\"avia_inline_auto\" id=\"style-css-av-9kexv9-69bb163336c83f7c6c48af2f49df11b2\">\n.flex_column.av-9kexv9-69bb163336c83f7c6c48af2f49df11b2{\nborder-radius:0px 0px 0px 0px;\n-webkit-border-radius:0px 0px 0px 0px;\n-moz-border-radius:0px 0px 0px 0px;\n}\n<\/style>\n<div class='flex_column av-9kexv9-69bb163336c83f7c6c48af2f49df11b2 av_one_half  avia-builder-el-14  el_after_av_hr  el_before_av_one_half  first flex_column_table_cell av-equal-height-column av-align-middle av-zero-column-padding '   ><p>\n<style type=\"text\/css\" data-created_by=\"avia_inline_auto\" id=\"style-css-av-av_heading-edacc8cac65accdab788f1c552f56b97\">\n#top .av-special-heading.av-av_heading-edacc8cac65accdab788f1c552f56b97{\npadding-bottom:10px;\n}\n<\/style>\n<div  class='av-special-heading av-av_heading-edacc8cac65accdab788f1c552f56b97 av-special-heading-h1 blockquote modern-quote  avia-builder-el-15  el_before_av_textblock  avia-builder-el-first  '><h1 class='av-special-heading-tag '  itemprop=\"headline\"  >Enercontainer<\/h1><div class='special-heading-border'><div class='special-heading-inner-border'><\/div><\/div><\/div><br \/>\n<section class=\"av_textblock_section \"  itemscope=\"itemscope\" itemtype=\"https:\/\/schema.org\/CreativeWork\" ><div class='avia_textblock  '   itemprop=\"text\" ><p>O Enercontainer \u00e9 uma central integrada de produ\u00e7\u00e3o de energia el\u00e9ctrica e t\u00e9rmica, podendo utilizar como combust\u00edvel g\u00e1s natural, biog\u00e1s ou diesel, com pot\u00eancias el\u00e9ctricas de 1 a 2,5 MW (at\u00e9 3 MW a Diesel).<\/p>\n<p>Enquanto solu\u00e7\u00e3o contentorizada, totalmente constru\u00edda e testada nas nossas instala\u00e7\u00f5es, requer tempos de instala\u00e7\u00e3o e \u00e1rea de implanta\u00e7\u00e3o menores que outros tipos de centrais el\u00e9ctricas.<\/p>\n<ul>\n<li>reduz significativamente os trabalhos locais<\/li>\n<li>tempos de instala\u00e7\u00e3o e transporte reduzidos<\/li>\n<li>Esta solu\u00e7\u00e3o requer apenas a disponibilidade de g\u00e1s natural, biog\u00e1s ou diesel.<\/li>\n<\/ul>\n<p>Consubstanciando uma central completa, o Enercontainer tem a vantagem de ser expans\u00edvel a v\u00e1rias unidades adicionais. O Enercontainer n\u00e3o \u00e9 um Grupo de Emerg\u00eancia, mas sim uma central de produ\u00e7\u00e3o de energia num contentor.<\/p>\n<p>O grupo gerador integrado \u00e9 um motor MTU s\u00e9rie 4000, um dos motores mais eficiente e fi\u00e1vel dispon\u00edveis no mercado.<\/p>\n<\/div><\/section><br \/>\n\n<style type=\"text\/css\" data-created_by=\"avia_inline_auto\" id=\"style-css-av-jnvmwxnr-0ce94282331cc9f8e75e4ff10467ac00\">\n.avia-image-container.av-jnvmwxnr-0ce94282331cc9f8e75e4ff10467ac00 .av-image-caption-overlay-center{\ncolor:#ffffff;\n}\n<\/style>\n<div  class='avia-image-container av-jnvmwxnr-0ce94282331cc9f8e75e4ff10467ac00 av-styling- avia-align-left  avia-builder-el-17  el_after_av_textblock  avia-builder-el-last  '  itemprop=\"image\" itemscope=\"itemscope\" itemtype=\"https:\/\/schema.org\/ImageObject\" ><div class=\"avia-image-container-inner\"><div class=\"avia-image-overlay-wrap\"><a href=\"https:\/\/www.mtuonsiteenergy.com\/\" class='avia_image' target=\"_blank\" rel=\"noopener noreferrer\"><img decoding=\"async\" width=\"250\" height=\"68\" class='wp-image-6559 avia-img-lazy-loading-not-6559 avia_image' src=\"https:\/\/www.energetus.pt\/wp-content\/uploads\/logo_pag_ENERCONTAINER.jpg\" alt='' title='MTU - Onsite Energy'  itemprop=\"thumbnailUrl\"  \/><\/a><\/div><\/div><\/div><\/p><\/div><div class='av-flex-placeholder'><\/div>\n<style type=\"text\/css\" data-created_by=\"avia_inline_auto\" id=\"style-css-av-7q13x1-817cde29cecead944b49439ae33e5737\">\n.flex_column.av-7q13x1-817cde29cecead944b49439ae33e5737{\nborder-radius:0px 0px 0px 0px;\n-webkit-border-radius:0px 0px 0px 0px;\n-moz-border-radius:0px 0px 0px 0px;\n}\n<\/style>\n<div class='flex_column av-7q13x1-817cde29cecead944b49439ae33e5737 av_one_half  avia-builder-el-18  el_after_av_one_half  avia-builder-el-last  flex_column_table_cell av-equal-height-column av-align-middle av-zero-column-padding '   ><div  class='avia-video avia-video-16-9   av-lazyload-immediate  av-lazyload-video-embed  ' style='background-image:url(\"https:\/\/www.energetus.pt\/wp-content\/uploads\/P_Cont_2.jpg\");'  itemprop=\"video\" itemtype=\"https:\/\/schema.org\/VideoObject\"  data-original_url='https:\/\/youtu.be\/OB5vOP_ww7k' ><script type='text\/html' class='av-video-tmpl'><div class='avia-iframe-wrap'><iframe loading=\"lazy\" width=\"1500\" height=\"844\" src=\"https:\/\/www.youtube.com\/embed\/OB5vOP_ww7k?feature=oembed&autoplay=0&loop=0&controls=1&mute=0\" frameborder=\"0\" allow=\"accelerometer; autoplay; encrypted-media; gyroscope; picture-in-picture\" allowfullscreen><\/iframe><\/div><\/script><div class='av-click-to-play-overlay'><div class=\"avia_playpause_icon\"><\/div><\/div><\/div><\/div><\/div><!--close column table wrapper. Autoclose: 1 --><\/p>\n","protected":false},"excerpt":{"rendered":"","protected":false},"author":1,"featured_media":0,"parent":6618,"menu_order":2,"comment_status":"closed","ping_status":"closed","template":"","meta":{"footnotes":"","_links_to":"","_links_to_target":""},"class_list":["post-6548","page","type-page","status-publish","hentry"],"_links":{"self":[{"href":"https:\/\/www.energetus.pt\/pt\/wp-json\/wp\/v2\/pages\/6548","targetHints":{"allow":["GET"]}}],"collection":[{"href":"https:\/\/www.energetus.pt\/pt\/wp-json\/wp\/v2\/pages"}],"about":[{"href":"https:\/\/www.energetus.pt\/pt\/wp-json\/wp\/v2\/types\/page"}],"author":[{"embeddable":true,"href":"https:\/\/www.energetus.pt\/pt\/wp-json\/wp\/v2\/users\/1"}],"replies":[{"embeddable":true,"href":"https:\/\/www.energetus.pt\/pt\/wp-json\/wp\/v2\/comments?post=6548"}],"version-history":[{"count":3,"href":"https:\/\/www.energetus.pt\/pt\/wp-json\/wp\/v2\/pages\/6548\/revisions"}],"predecessor-version":[{"id":7455,"href":"https:\/\/www.energetus.pt\/pt\/wp-json\/wp\/v2\/pages\/6548\/revisions\/7455"}],"up":[{"embeddable":true,"href":"https:\/\/www.energetus.pt\/pt\/wp-json\/wp\/v2\/pages\/6618"}],"wp:attachment":[{"href":"https:\/\/www.energetus.pt\/pt\/wp-json\/wp\/v2\/media?parent=6548"}],"curies":[{"name":"wp","href":"https:\/\/api.w.org\/{rel}","templated":true}]}}